{"id":240,"date":"2022-12-29T16:23:07","date_gmt":"2022-12-29T15:23:07","guid":{"rendered":"http:\/\/manonenluberon.fr\/?page_id=240"},"modified":"2025-10-31T09:40:57","modified_gmt":"2025-10-31T08:40:57","slug":"roulotte","status":"publish","type":"page","link":"https:\/\/www.manonenluberon.fr\/index.php\/roulotte\/","title":{"rendered":"Roulotte"},"content":{"rendered":"\t\t<div data-elementor-type=\"wp-page\" data-elementor-id=\"240\" class=\"elementor elementor-240\">\n\t\t\t\t\t\t<section class=\"elementor-section elementor-top-section elementor-element elementor-element-7696215 elementor-section-boxed elementor-section-height-default elementor-section-height-default\" data-id=\"7696215\" data-element_type=\"section\" data-e-type=\"section\">\n\t\t\t\t\t\t<div class=\"elementor-container elementor-column-gap-default\">\n\t\t\t\t\t<div class=\"elementor-column elementor-col-100 elementor-top-column elementor-element elementor-element-f91673d\" data-id=\"f91673d\" data-element_type=\"column\" data-e-type=\"column\">\n\t\t\t<div class=\"elementor-widget-wrap elementor-element-populated\">\n\t\t\t\t\t\t<div class=\"elementor-element elementor-element-2e10442 elementor-widget elementor-widget-heading\" data-id=\"2e10442\" data-element_type=\"widget\" data-e-type=\"widget\" data-widget_type=\"heading.default\">\n\t\t\t\t<div class=\"elementor-widget-container\">\n\t\t\t\t\t<h2 class=\"elementor-heading-title elementor-size-default\">La Roulotte<\/h2>\t\t\t\t<\/div>\n\t\t\t\t<\/div>\n\t\t\t\t\t<\/div>\n\t\t<\/div>\n\t\t\t\t\t<\/div>\n\t\t<\/section>\n\t\t\t\t<section class=\"elementor-section elementor-top-section elementor-element elementor-element-23eeeb7 elementor-section-boxed elementor-section-height-default elementor-section-height-default\" data-id=\"23eeeb7\" data-element_type=\"section\" data-e-type=\"section\">\n\t\t\t\t\t\t<div class=\"elementor-container elementor-column-gap-default\">\n\t\t\t\t\t<div class=\"elementor-column elementor-col-100 elementor-top-column elementor-element elementor-element-5f00e16\" data-id=\"5f00e16\" data-element_type=\"column\" data-e-type=\"column\">\n\t\t\t<div class=\"elementor-widget-wrap elementor-element-populated\">\n\t\t\t\t\t\t<div class=\"elementor-element elementor-element-4a2b826 elementor-widget elementor-widget-text-editor\" data-id=\"4a2b826\" data-element_type=\"widget\" data-e-type=\"widget\" data-widget_type=\"text-editor.default\">\n\t\t\t\t<div class=\"elementor-widget-container\">\n\t\t\t\t\t\t\t\t\t<p style=\"caret-color: #000000; color: #000000; font-style: normal; font-variant-caps: normal;\">Venez passer des\u00a0<strong>vacances insolites<\/strong>\u00a0en\u00a0<strong>Provence<\/strong>\u00a0dans cette\u00a0<strong>roulotte boh\u00e9mienne<\/strong>\u00a0climatis\u00e9e et chauff\u00e9e, d\u2019environ 20 m\u00b2, id\u00e9ale pour une\u00a0<strong>famille<\/strong>\u00a0ou un s\u00e9jour en couple. Ce\u00a0<strong>g\u00eete<\/strong>\u00a0unique, pouvant accueillir jusqu\u2019\u00e0 4 personnes (pas de lit b\u00e9b\u00e9 possible), vous plonge dans un cadre authentique et charmant au c\u0153ur du\u00a0<strong>Luberon<\/strong>, \u00e0 proximit\u00e9 de\u00a0<strong>Gordes<\/strong>\u00a0et des plus beaux villages de la r\u00e9gion.<\/p><p style=\"caret-color: #000000; color: #000000; font-style: normal; font-variant-caps: normal;\">L\u2019h\u00e9bergement est compos\u00e9 d\u2019une\u00a0<strong>cuisine \u00e9quip\u00e9e<\/strong>, d\u2019un coin-repas avec une banquette pouvant accueillir un ou deux couchages suppl\u00e9mentaires, et d\u2019une chambre avec un magnifique\u00a0<strong>lit \u00e0 baldaquin<\/strong>\u00a0en 160 cm. Vous y trouverez \u00e9galement une\u00a0<strong>salle de douche<\/strong>\u00a0privative avec WC.<\/p><p style=\"caret-color: #000000; color: #000000; font-style: normal; font-variant-caps: normal;\">L\u2019atmosph\u00e8re intime et chaleureuse de la roulotte est compl\u00e9t\u00e9e par un coin repas et repos privatif, am\u00e9nag\u00e9 \u00e0 proximit\u00e9, o\u00f9 vous pourrez savourer vos repas ou simplement vous d\u00e9tendre, tout en profitant du cadre naturel.<\/p><p style=\"caret-color: #000000; color: #000000; font-style: normal; font-variant-caps: normal;\">Pour votre confort, vous b\u00e9n\u00e9ficierez d\u2019un acc\u00e8s \u00e0 la\u00a0<strong>piscine<\/strong>\u00a0du domaine et pourrez profiter de l\u2019accueil chaleureux des\u00a0<strong>h\u00f4tes<\/strong>. Ce s\u00e9jour en roulotte est parfait pour ceux qui recherchent une exp\u00e9rience\u00a0<strong>insolite<\/strong>\u00a0et d\u00e9paysante, tout en \u00e9tant \u00e0 quelques minutes des activit\u00e9s et paysages magnifiques du\u00a0<strong>Luberon<\/strong>.<\/p><p style=\"caret-color: #000000; color: #000000; font-style: normal; font-variant-caps: normal; font-family: Roboto, sans-serif; font-size: 14px;\"><b style=\"font-size: 14px;\">Horaires d&rsquo;arriv\u00e9e :\u00a0<\/b><span style=\"font-size: 14px;\">Les arriv\u00e9es s\u2019effectuent entre 16h et 19h.\u00a0<\/span><\/p><p style=\"caret-color: #000000; color: #000000; font-style: normal; font-variant-caps: normal; font-family: Roboto, sans-serif; font-size: 14px;\"><b style=\"font-variant-caps: normal; font-family: Roboto, sans-serif; font-size: 14px; font-style: normal;\">Horaires de d\u00e9part :\u00a0<\/b>Les h\u00e9bergements doivent \u00eatre lib\u00e9r\u00e9s pour 10h. Vous pouvez rester sur le domaine avec utilisation de la piscine jusqu&rsquo;\u00e0 11h30.\u00a0<\/p>\t\t\t\t\t\t\t\t<\/div>\n\t\t\t\t<\/div>\n\t\t\t\t\t<\/div>\n\t\t<\/div>\n\t\t\t\t\t<\/div>\n\t\t<\/section>\n\t\t\t\t<section class=\"elementor-section elementor-top-section elementor-element elementor-element-222608d elementor-section-boxed elementor-section-height-default elementor-section-height-default\" data-id=\"222608d\" data-element_type=\"section\" data-e-type=\"section\">\n\t\t\t\t\t\t<div class=\"elementor-container elementor-column-gap-default\">\n\t\t\t\t\t<div class=\"elementor-column elementor-col-100 elementor-top-column elementor-element elementor-element-c6ae194\" data-id=\"c6ae194\" data-element_type=\"column\" data-e-type=\"column\">\n\t\t\t<div class=\"elementor-widget-wrap elementor-element-populated\">\n\t\t\t\t\t\t<div class=\"elementor-element elementor-element-1b321ed elementor-arrows-position-outside elementor-pagination-position-outside elementor-widget elementor-widget-image-carousel\" data-id=\"1b321ed\" data-element_type=\"widget\" data-e-type=\"widget\" data-settings=\"{&quot;slides_to_show&quot;:&quot;1&quot;,&quot;navigation&quot;:&quot;both&quot;,&quot;autoplay&quot;:&quot;yes&quot;,&quot;pause_on_hover&quot;:&quot;yes&quot;,&quot;pause_on_interaction&quot;:&quot;yes&quot;,&quot;autoplay_speed&quot;:5000,&quot;infinite&quot;:&quot;yes&quot;,&quot;effect&quot;:&quot;slide&quot;,&quot;speed&quot;:500}\" data-widget_type=\"image-carousel.default\">\n\t\t\t\t<div class=\"elementor-widget-container\">\n\t\t\t\t\t\t\t<div class=\"elementor-image-carousel-wrapper swiper\" role=\"region\" aria-roledescription=\"carousel\" aria-label=\"Carrousel d\u2019images\" dir=\"ltr\">\n\t\t\t<div class=\"elementor-image-carousel swiper-wrapper\" aria-live=\"off\">\n\t\t\t\t\t\t\t\t<div class=\"swiper-slide\" role=\"group\" aria-roledescription=\"slide\" aria-label=\"1 sur 14\"><figure class=\"swiper-slide-inner\"><img decoding=\"async\" class=\"swiper-slide-image\" src=\"https:\/\/www.manonenluberon.fr\/wp-content\/uploads\/2023\/02\/PXL_20230128_1416352542-scaled.jpg\" alt=\"PXL_20230128_141635254~2\" \/><\/figure><\/div><div class=\"swiper-slide\" role=\"group\" aria-roledescription=\"slide\" aria-label=\"2 sur 14\"><figure class=\"swiper-slide-inner\"><img decoding=\"async\" class=\"swiper-slide-image\" src=\"https:\/\/www.manonenluberon.fr\/wp-content\/uploads\/2024\/06\/075A6331-scaled.jpg\" alt=\"075A6331\" \/><\/figure><\/div><div class=\"swiper-slide\" role=\"group\" aria-roledescription=\"slide\" aria-label=\"3 sur 14\"><figure class=\"swiper-slide-inner\"><img decoding=\"async\" class=\"swiper-slide-image\" src=\"https:\/\/www.manonenluberon.fr\/wp-content\/uploads\/2024\/06\/075A6348-scaled.jpg\" alt=\"075A6348\" \/><\/figure><\/div><div class=\"swiper-slide\" role=\"group\" aria-roledescription=\"slide\" aria-label=\"4 sur 14\"><figure class=\"swiper-slide-inner\"><img decoding=\"async\" class=\"swiper-slide-image\" src=\"https:\/\/www.manonenluberon.fr\/wp-content\/uploads\/2024\/06\/075A6336-scaled.jpg\" alt=\"075A6336\" \/><\/figure><\/div><div class=\"swiper-slide\" role=\"group\" aria-roledescription=\"slide\" aria-label=\"5 sur 14\"><figure class=\"swiper-slide-inner\"><img decoding=\"async\" class=\"swiper-slide-image\" src=\"https:\/\/www.manonenluberon.fr\/wp-content\/uploads\/2024\/06\/075A6332-scaled.jpg\" alt=\"075A6332\" \/><\/figure><\/div><div class=\"swiper-slide\" role=\"group\" aria-roledescription=\"slide\" aria-label=\"6 sur 14\"><figure class=\"swiper-slide-inner\"><img decoding=\"async\" class=\"swiper-slide-image\" src=\"https:\/\/www.manonenluberon.fr\/wp-content\/uploads\/2024\/06\/075A6334-scaled.jpg\" alt=\"075A6334\" \/><\/figure><\/div><div class=\"swiper-slide\" role=\"group\" aria-roledescription=\"slide\" aria-label=\"7 sur 14\"><figure class=\"swiper-slide-inner\"><img decoding=\"async\" class=\"swiper-slide-image\" src=\"https:\/\/www.manonenluberon.fr\/wp-content\/uploads\/2024\/06\/075A6373-1-scaled.jpg\" alt=\"075A6373\" \/><\/figure><\/div><div class=\"swiper-slide\" role=\"group\" aria-roledescription=\"slide\" aria-label=\"8 sur 14\"><figure class=\"swiper-slide-inner\"><img decoding=\"async\" class=\"swiper-slide-image\" src=\"https:\/\/www.manonenluberon.fr\/wp-content\/uploads\/2024\/06\/075A6372-1-scaled.jpg\" alt=\"075A6372\" \/><\/figure><\/div><div class=\"swiper-slide\" role=\"group\" aria-roledescription=\"slide\" aria-label=\"9 sur 14\"><figure class=\"swiper-slide-inner\"><img decoding=\"async\" class=\"swiper-slide-image\" src=\"https:\/\/www.manonenluberon.fr\/wp-content\/uploads\/2024\/06\/075A6391-1-scaled.jpg\" alt=\"075A6391\" \/><\/figure><\/div><div class=\"swiper-slide\" role=\"group\" aria-roledescription=\"slide\" aria-label=\"10 sur 14\"><figure class=\"swiper-slide-inner\"><img decoding=\"async\" class=\"swiper-slide-image\" src=\"https:\/\/www.manonenluberon.fr\/wp-content\/uploads\/2024\/06\/075A6390-1-scaled.jpg\" alt=\"075A6390\" \/><\/figure><\/div><div class=\"swiper-slide\" role=\"group\" aria-roledescription=\"slide\" aria-label=\"11 sur 14\"><figure class=\"swiper-slide-inner\"><img decoding=\"async\" class=\"swiper-slide-image\" src=\"https:\/\/www.manonenluberon.fr\/wp-content\/uploads\/2024\/06\/075A6389-1-scaled.jpg\" alt=\"075A6389\" \/><\/figure><\/div><div class=\"swiper-slide\" role=\"group\" aria-roledescription=\"slide\" aria-label=\"12 sur 14\"><figure class=\"swiper-slide-inner\"><img decoding=\"async\" class=\"swiper-slide-image\" src=\"https:\/\/www.manonenluberon.fr\/wp-content\/uploads\/2024\/06\/075A6388-1-scaled.jpg\" alt=\"075A6388\" \/><\/figure><\/div><div class=\"swiper-slide\" role=\"group\" aria-roledescription=\"slide\" aria-label=\"13 sur 14\"><figure class=\"swiper-slide-inner\"><img decoding=\"async\" class=\"swiper-slide-image\" src=\"https:\/\/www.manonenluberon.fr\/wp-content\/uploads\/2024\/06\/075A6333-scaled.jpg\" alt=\"075A6333\" \/><\/figure><\/div><div class=\"swiper-slide\" role=\"group\" aria-roledescription=\"slide\" aria-label=\"14 sur 14\"><figure class=\"swiper-slide-inner\"><img decoding=\"async\" class=\"swiper-slide-image\" src=\"https:\/\/www.manonenluberon.fr\/wp-content\/uploads\/2024\/06\/075A6368-scaled.jpg\" alt=\"075A6368\" \/><\/figure><\/div>\t\t\t<\/div>\n\t\t\t\t\t\t\t\t\t\t\t\t<div class=\"elementor-swiper-button elementor-swiper-button-prev\" role=\"button\" tabindex=\"0\">\n\t\t\t\t\t\t<i aria-hidden=\"true\" class=\"eicon-chevron-left\"><\/i>\t\t\t\t\t<\/div>\n\t\t\t\t\t<div class=\"elementor-swiper-button elementor-swiper-button-next\" role=\"button\" tabindex=\"0\">\n\t\t\t\t\t\t<i aria-hidden=\"true\" class=\"eicon-chevron-right\"><\/i>\t\t\t\t\t<\/div>\n\t\t\t\t\n\t\t\t\t\t\t\t\t\t<div class=\"swiper-pagination\"><\/div>\n\t\t\t\t\t\t\t\t\t<\/div>\n\t\t\t\t\t\t<\/div>\n\t\t\t\t<\/div>\n\t\t\t\t\t<\/div>\n\t\t<\/div>\n\t\t\t\t\t<\/div>\n\t\t<\/section>\n\t\t\t\t<section class=\"elementor-section elementor-top-section elementor-element elementor-element-944eac2 elementor-section-boxed elementor-section-height-default elementor-section-height-default\" data-id=\"944eac2\" data-element_type=\"section\" data-e-type=\"section\">\n\t\t\t\t\t\t<div class=\"elementor-container elementor-column-gap-default\">\n\t\t\t\t\t<div class=\"elementor-column elementor-col-100 elementor-top-column elementor-element elementor-element-97dc2aa\" data-id=\"97dc2aa\" data-element_type=\"column\" data-e-type=\"column\">\n\t\t\t<div class=\"elementor-widget-wrap elementor-element-populated\">\n\t\t\t\t\t\t<div class=\"elementor-element elementor-element-621c274 elementor-widget elementor-widget-html\" data-id=\"621c274\" data-element_type=\"widget\" data-e-type=\"widget\" data-widget_type=\"html.default\">\n\t\t\t\t<div class=\"elementor-widget-container\">\n\t\t\t\t\t<script type=\"text\/javascript\" src=\"https:\/\/resx.octorate.com\/octobook\/resources\/widget\/js\/form.js\" data-sitekey=\"d98a5fc3951a1b300b02b14d4e6f79ea\"><\/script>\t\t\t\t<\/div>\n\t\t\t\t<\/div>\n\t\t\t\t\t<\/div>\n\t\t<\/div>\n\t\t\t\t\t<\/div>\n\t\t<\/section>\n\t\t\t\t<section class=\"elementor-section elementor-top-section elementor-element elementor-element-77884a3 elementor-section-boxed elementor-section-height-default elementor-section-height-default\" data-id=\"77884a3\" data-element_type=\"section\" data-e-type=\"section\">\n\t\t\t\t\t\t<div class=\"elementor-container elementor-column-gap-default\">\n\t\t\t\t\t<div class=\"elementor-column elementor-col-100 elementor-top-column elementor-element elementor-element-a2e9d32\" data-id=\"a2e9d32\" data-element_type=\"column\" data-e-type=\"column\">\n\t\t\t<div class=\"elementor-widget-wrap elementor-element-populated\">\n\t\t\t\t\t\t<div class=\"elementor-element elementor-element-f5a80ec elementor-widget elementor-widget-image\" data-id=\"f5a80ec\" data-element_type=\"widget\" data-e-type=\"widget\" data-widget_type=\"image.default\">\n\t\t\t\t<div class=\"elementor-widget-container\">\n\t\t\t\t\t\t\t\t\t\t\t\t\t\t\t<img fetchpriority=\"high\" decoding=\"async\" width=\"300\" height=\"211\" src=\"https:\/\/www.manonenluberon.fr\/wp-content\/uploads\/2025\/02\/Digital-Gallery-Award-TRA-2025-5-300x211.png\" class=\"attachment-medium size-medium wp-image-538660\" alt=\"\" srcset=\"https:\/\/www.manonenluberon.fr\/wp-content\/uploads\/2025\/02\/Digital-Gallery-Award-TRA-2025-5-300x211.png 300w, https:\/\/www.manonenluberon.fr\/wp-content\/uploads\/2025\/02\/Digital-Gallery-Award-TRA-2025-5-1024x720.png 1024w, https:\/\/www.manonenluberon.fr\/wp-content\/uploads\/2025\/02\/Digital-Gallery-Award-TRA-2025-5-768x540.png 768w, https:\/\/www.manonenluberon.fr\/wp-content\/uploads\/2025\/02\/Digital-Gallery-Award-TRA-2025-5.png 1280w\" sizes=\"(max-width: 300px) 100vw, 300px\" \/>\t\t\t\t\t\t\t\t\t\t\t\t\t\t\t<\/div>\n\t\t\t\t<\/div>\n\t\t\t\t\t<\/div>\n\t\t<\/div>\n\t\t\t\t\t<\/div>\n\t\t<\/section>\n\t\t\t\t<\/div>\n\t\t","protected":false},"excerpt":{"rendered":"<p>La Roulotte Venez passer des\u00a0vacances insolites\u00a0en\u00a0Provence\u00a0dans cette\u00a0roulotte boh\u00e9mienne\u00a0climatis\u00e9e et chauff\u00e9e, d\u2019environ 20 m\u00b2, id\u00e9ale pour une\u00a0famille\u00a0ou un s\u00e9jour en couple. Ce\u00a0g\u00eete\u00a0unique, pouvant accueillir jusqu\u2019\u00e0 4 personnes (pas de lit b\u00e9b\u00e9 possible), vous plonge dans un cadre authentique et charmant au c\u0153ur du\u00a0Luberon, \u00e0 proximit\u00e9 de\u00a0Gordes\u00a0et des plus beaux villages de la r\u00e9gion. L\u2019h\u00e9bergement est compos\u00e9 [&hellip;]<\/p>\n","protected":false},"author":1,"featured_media":0,"parent":0,"menu_order":0,"comment_status":"closed","ping_status":"closed","template":"elementor_header_footer","meta":{"footnotes":""},"class_list":["post-240","page","type-page","status-publish","hentry","entry"],"yoast_head":"<!-- This site is optimized with the Yoast SEO plugin v24.0 - https:\/\/yoast.com\/wordpress\/plugins\/seo\/ -->\n<title>Roulotte - Manon en Luberon<\/title>\n<meta name=\"description\" content=\"H\u00e9bergement insolite dans le Luberon \u00e0 proximit\u00e9 de Gordes, Roussillon, l&#039;Isle sur la Sorgue avec piscine, spa et aire de jeux pour les familles\" \/>\n<meta name=\"robots\" content=\"index, follow, max-snippet:-1, max-image-preview:large, max-video-preview:-1\" \/>\n<link rel=\"canonical\" href=\"https:\/\/www.manonenluberon.fr\/index.php\/roulotte\/\" \/>\n<meta property=\"og:locale\" content=\"fr_FR\" \/>\n<meta property=\"og:type\" content=\"article\" \/>\n<meta property=\"og:title\" content=\"Roulotte - Manon en Luberon\" \/>\n<meta property=\"og:description\" content=\"H\u00e9bergement insolite dans le Luberon \u00e0 proximit\u00e9 de Gordes, Roussillon, l&#039;Isle sur la Sorgue avec piscine, spa et aire de jeux pour les familles\" \/>\n<meta property=\"og:url\" content=\"https:\/\/www.manonenluberon.fr\/index.php\/roulotte\/\" \/>\n<meta property=\"og:site_name\" content=\"Manon en Luberon\" \/>\n<meta property=\"article:modified_time\" content=\"2025-10-31T08:40:57+00:00\" \/>\n<meta property=\"og:image\" content=\"https:\/\/www.manonenluberon.fr\/wp-content\/uploads\/2023\/02\/PXL_20230128_1416352542-scaled.jpg\" \/>\n<meta name=\"twitter:card\" content=\"summary_large_image\" \/>\n<meta name=\"twitter:label1\" content=\"Dur\u00e9e de lecture estim\u00e9e\" \/>\n\t<meta name=\"twitter:data1\" content=\"6 minutes\" \/>\n<script type=\"application\/ld+json\" class=\"yoast-schema-graph\">{\"@context\":\"https:\/\/schema.org\",\"@graph\":[{\"@type\":\"WebPage\",\"@id\":\"https:\/\/www.manonenluberon.fr\/index.php\/roulotte\/\",\"url\":\"https:\/\/www.manonenluberon.fr\/index.php\/roulotte\/\",\"name\":\"Roulotte - Manon en Luberon\",\"isPartOf\":{\"@id\":\"https:\/\/www.manonenluberon.fr\/#website\"},\"primaryImageOfPage\":{\"@id\":\"https:\/\/www.manonenluberon.fr\/index.php\/roulotte\/#primaryimage\"},\"image\":{\"@id\":\"https:\/\/www.manonenluberon.fr\/index.php\/roulotte\/#primaryimage\"},\"thumbnailUrl\":\"https:\/\/www.manonenluberon.fr\/wp-content\/uploads\/2023\/02\/PXL_20230128_1416352542-scaled.jpg\",\"datePublished\":\"2022-12-29T15:23:07+00:00\",\"dateModified\":\"2025-10-31T08:40:57+00:00\",\"description\":\"H\u00e9bergement insolite dans le Luberon \u00e0 proximit\u00e9 de Gordes, Roussillon, l'Isle sur la Sorgue avec piscine, spa et aire de jeux pour les familles\",\"breadcrumb\":{\"@id\":\"https:\/\/www.manonenluberon.fr\/index.php\/roulotte\/#breadcrumb\"},\"inLanguage\":\"fr-FR\",\"potentialAction\":[{\"@type\":\"ReadAction\",\"target\":[\"https:\/\/www.manonenluberon.fr\/index.php\/roulotte\/\"]}]},{\"@type\":\"ImageObject\",\"inLanguage\":\"fr-FR\",\"@id\":\"https:\/\/www.manonenluberon.fr\/index.php\/roulotte\/#primaryimage\",\"url\":\"https:\/\/www.manonenluberon.fr\/wp-content\/uploads\/2023\/02\/PXL_20230128_1416352542-scaled.jpg\",\"contentUrl\":\"https:\/\/www.manonenluberon.fr\/wp-content\/uploads\/2023\/02\/PXL_20230128_1416352542-scaled.jpg\",\"width\":2560,\"height\":1928},{\"@type\":\"BreadcrumbList\",\"@id\":\"https:\/\/www.manonenluberon.fr\/index.php\/roulotte\/#breadcrumb\",\"itemListElement\":[{\"@type\":\"ListItem\",\"position\":1,\"name\":\"Accueil\",\"item\":\"https:\/\/www.manonenluberon.fr\/\"},{\"@type\":\"ListItem\",\"position\":2,\"name\":\"Roulotte\"}]},{\"@type\":\"WebSite\",\"@id\":\"https:\/\/www.manonenluberon.fr\/#website\",\"url\":\"https:\/\/www.manonenluberon.fr\/\",\"name\":\"Manon en Luberon\",\"description\":\"G\u00eetes et Chambres d&#039;h\u00f4tes en Provence\",\"publisher\":{\"@id\":\"https:\/\/www.manonenluberon.fr\/#organization\"},\"potentialAction\":[{\"@type\":\"SearchAction\",\"target\":{\"@type\":\"EntryPoint\",\"urlTemplate\":\"https:\/\/www.manonenluberon.fr\/?s={search_term_string}\"},\"query-input\":{\"@type\":\"PropertyValueSpecification\",\"valueRequired\":true,\"valueName\":\"search_term_string\"}}],\"inLanguage\":\"fr-FR\"},{\"@type\":\"Organization\",\"@id\":\"https:\/\/www.manonenluberon.fr\/#organization\",\"name\":\"Manon en Luberon\",\"url\":\"https:\/\/www.manonenluberon.fr\/\",\"logo\":{\"@type\":\"ImageObject\",\"inLanguage\":\"fr-FR\",\"@id\":\"https:\/\/www.manonenluberon.fr\/#\/schema\/logo\/image\/\",\"url\":\"https:\/\/www.manonenluberon.fr\/wp-content\/uploads\/2022\/11\/Sans-titre-2-e1671486317725.png\",\"contentUrl\":\"https:\/\/www.manonenluberon.fr\/wp-content\/uploads\/2022\/11\/Sans-titre-2-e1671486317725.png\",\"width\":883,\"height\":664,\"caption\":\"Manon en Luberon\"},\"image\":{\"@id\":\"https:\/\/www.manonenluberon.fr\/#\/schema\/logo\/image\/\"}}]}<\/script>\n<!-- \/ Yoast SEO plugin. -->","yoast_head_json":{"title":"Roulotte - Manon en Luberon","description":"H\u00e9bergement insolite dans le Luberon \u00e0 proximit\u00e9 de Gordes, Roussillon, l'Isle sur la Sorgue avec piscine, spa et aire de jeux pour les familles","robots":{"index":"index","follow":"follow","max-snippet":"max-snippet:-1","max-image-preview":"max-image-preview:large","max-video-preview":"max-video-preview:-1"},"canonical":"https:\/\/www.manonenluberon.fr\/index.php\/roulotte\/","og_locale":"fr_FR","og_type":"article","og_title":"Roulotte - Manon en Luberon","og_description":"H\u00e9bergement insolite dans le Luberon \u00e0 proximit\u00e9 de Gordes, Roussillon, l'Isle sur la Sorgue avec piscine, spa et aire de jeux pour les familles","og_url":"https:\/\/www.manonenluberon.fr\/index.php\/roulotte\/","og_site_name":"Manon en Luberon","article_modified_time":"2025-10-31T08:40:57+00:00","og_image":[{"url":"https:\/\/www.manonenluberon.fr\/wp-content\/uploads\/2023\/02\/PXL_20230128_1416352542-scaled.jpg","type":"","width":"","height":""}],"twitter_card":"summary_large_image","twitter_misc":{"Dur\u00e9e de lecture estim\u00e9e":"6 minutes"},"schema":{"@context":"https:\/\/schema.org","@graph":[{"@type":"WebPage","@id":"https:\/\/www.manonenluberon.fr\/index.php\/roulotte\/","url":"https:\/\/www.manonenluberon.fr\/index.php\/roulotte\/","name":"Roulotte - Manon en Luberon","isPartOf":{"@id":"https:\/\/www.manonenluberon.fr\/#website"},"primaryImageOfPage":{"@id":"https:\/\/www.manonenluberon.fr\/index.php\/roulotte\/#primaryimage"},"image":{"@id":"https:\/\/www.manonenluberon.fr\/index.php\/roulotte\/#primaryimage"},"thumbnailUrl":"https:\/\/www.manonenluberon.fr\/wp-content\/uploads\/2023\/02\/PXL_20230128_1416352542-scaled.jpg","datePublished":"2022-12-29T15:23:07+00:00","dateModified":"2025-10-31T08:40:57+00:00","description":"H\u00e9bergement insolite dans le Luberon \u00e0 proximit\u00e9 de Gordes, Roussillon, l'Isle sur la Sorgue avec piscine, spa et aire de jeux pour les familles","breadcrumb":{"@id":"https:\/\/www.manonenluberon.fr\/index.php\/roulotte\/#breadcrumb"},"inLanguage":"fr-FR","potentialAction":[{"@type":"ReadAction","target":["https:\/\/www.manonenluberon.fr\/index.php\/roulotte\/"]}]},{"@type":"ImageObject","inLanguage":"fr-FR","@id":"https:\/\/www.manonenluberon.fr\/index.php\/roulotte\/#primaryimage","url":"https:\/\/www.manonenluberon.fr\/wp-content\/uploads\/2023\/02\/PXL_20230128_1416352542-scaled.jpg","contentUrl":"https:\/\/www.manonenluberon.fr\/wp-content\/uploads\/2023\/02\/PXL_20230128_1416352542-scaled.jpg","width":2560,"height":1928},{"@type":"BreadcrumbList","@id":"https:\/\/www.manonenluberon.fr\/index.php\/roulotte\/#breadcrumb","itemListElement":[{"@type":"ListItem","position":1,"name":"Accueil","item":"https:\/\/www.manonenluberon.fr\/"},{"@type":"ListItem","position":2,"name":"Roulotte"}]},{"@type":"WebSite","@id":"https:\/\/www.manonenluberon.fr\/#website","url":"https:\/\/www.manonenluberon.fr\/","name":"Manon en Luberon","description":"G\u00eetes et Chambres d&#039;h\u00f4tes en Provence","publisher":{"@id":"https:\/\/www.manonenluberon.fr\/#organization"},"potentialAction":[{"@type":"SearchAction","target":{"@type":"EntryPoint","urlTemplate":"https:\/\/www.manonenluberon.fr\/?s={search_term_string}"},"query-input":{"@type":"PropertyValueSpecification","valueRequired":true,"valueName":"search_term_string"}}],"inLanguage":"fr-FR"},{"@type":"Organization","@id":"https:\/\/www.manonenluberon.fr\/#organization","name":"Manon en Luberon","url":"https:\/\/www.manonenluberon.fr\/","logo":{"@type":"ImageObject","inLanguage":"fr-FR","@id":"https:\/\/www.manonenluberon.fr\/#\/schema\/logo\/image\/","url":"https:\/\/www.manonenluberon.fr\/wp-content\/uploads\/2022\/11\/Sans-titre-2-e1671486317725.png","contentUrl":"https:\/\/www.manonenluberon.fr\/wp-content\/uploads\/2022\/11\/Sans-titre-2-e1671486317725.png","width":883,"height":664,"caption":"Manon en Luberon"},"image":{"@id":"https:\/\/www.manonenluberon.fr\/#\/schema\/logo\/image\/"}}]}},"_links":{"self":[{"href":"https:\/\/www.manonenluberon.fr\/index.php\/wp-json\/wp\/v2\/pages\/240","targetHints":{"allow":["GET"]}}],"collection":[{"href":"https:\/\/www.manonenluberon.fr\/index.php\/wp-json\/wp\/v2\/pages"}],"about":[{"href":"https:\/\/www.manonenluberon.fr\/index.php\/wp-json\/wp\/v2\/types\/page"}],"author":[{"embeddable":true,"href":"https:\/\/www.manonenluberon.fr\/index.php\/wp-json\/wp\/v2\/users\/1"}],"replies":[{"embeddable":true,"href":"https:\/\/www.manonenluberon.fr\/index.php\/wp-json\/wp\/v2\/comments?post=240"}],"version-history":[{"count":69,"href":"https:\/\/www.manonenluberon.fr\/index.php\/wp-json\/wp\/v2\/pages\/240\/revisions"}],"predecessor-version":[{"id":727602,"href":"https:\/\/www.manonenluberon.fr\/index.php\/wp-json\/wp\/v2\/pages\/240\/revisions\/727602"}],"wp:attachment":[{"href":"https:\/\/www.manonenluberon.fr\/index.php\/wp-json\/wp\/v2\/media?parent=240"}],"curies":[{"name":"wp","href":"https:\/\/api.w.org\/{rel}","templated":true}]}}